{"id":1510,"date":"2025-11-22T11:56:09","date_gmt":"2025-11-22T03:56:09","guid":{"rendered":"https:\/\/oralebet.net\/descarga-de-la-app\/"},"modified":"2025-11-25T17:48:29","modified_gmt":"2025-11-25T09:48:29","slug":"descarga-de-la-app","status":"publish","type":"page","link":"https:\/\/oralebet.net\/es\/descarga-de-la-app\/","title":{"rendered":"Descarga de la app"},"content":{"rendered":"\t\t<div data-elementor-type=\"wp-page\" data-elementor-id=\"1510\" class=\"elementor elementor-1510 elementor-1167\" data-elementor-settings=\"{&quot;element_pack_global_tooltip_width&quot;:{&quot;unit&quot;:&quot;px&quot;,&quot;size&quot;:&quot;&quot;,&quot;sizes&quot;:[]},&quot;element_pack_global_tooltip_width_tablet&quot;:{&quot;unit&quot;:&quot;px&quot;,&quot;size&quot;:&quot;&quot;,&quot;sizes&quot;:[]},&quot;element_pack_global_tooltip_width_mobile&quot;:{&quot;unit&quot;:&quot;px&quot;,&quot;size&quot;:&quot;&quot;,&quot;sizes&quot;:[]},&quot;element_pack_global_tooltip_padding&quot;:{&quot;unit&quot;:&quot;px&quot;,&quot;top&quot;:&quot;&quot;,&quot;right&quot;:&quot;&quot;,&quot;bottom&quot;:&quot;&quot;,&quot;left&quot;:&quot;&quot;,&quot;isLinked&quot;:true},&quot;element_pack_global_tooltip_padding_tablet&quot;:{&quot;unit&quot;:&quot;px&quot;,&quot;top&quot;:&quot;&quot;,&quot;right&quot;:&quot;&quot;,&quot;bottom&quot;:&quot;&quot;,&quot;left&quot;:&quot;&quot;,&quot;isLinked&quot;:true},&quot;element_pack_global_tooltip_padding_mobile&quot;:{&quot;unit&quot;:&quot;px&quot;,&quot;top&quot;:&quot;&quot;,&quot;right&quot;:&quot;&quot;,&quot;bottom&quot;:&quot;&quot;,&quot;left&quot;:&quot;&quot;,&quot;isLinked&quot;:true},&quot;element_pack_global_tooltip_border_radius&quot;:{&quot;unit&quot;:&quot;px&quot;,&quot;top&quot;:&quot;&quot;,&quot;right&quot;:&quot;&quot;,&quot;bottom&quot;:&quot;&quot;,&quot;left&quot;:&quot;&quot;,&quot;isLinked&quot;:true},&quot;element_pack_global_tooltip_border_radius_tablet&quot;:{&quot;unit&quot;:&quot;px&quot;,&quot;top&quot;:&quot;&quot;,&quot;right&quot;:&quot;&quot;,&quot;bottom&quot;:&quot;&quot;,&quot;left&quot;:&quot;&quot;,&quot;isLinked&quot;:true},&quot;element_pack_global_tooltip_border_radius_mobile&quot;:{&quot;unit&quot;:&quot;px&quot;,&quot;top&quot;:&quot;&quot;,&quot;right&quot;:&quot;&quot;,&quot;bottom&quot;:&quot;&quot;,&quot;left&quot;:&quot;&quot;,&quot;isLinked&quot;:true}}\" data-elementor-post-type=\"page\">\n\t\t\t\t\t\t<section class=\"elementor-section elementor-top-section elementor-element elementor-element-30528456 elementor-section-boxed elementor-section-height-default elementor-section-height-default\" data-id=\"30528456\" data-element_type=\"section\" data-settings=\"{&quot;background_background&quot;:&quot;classic&quot;}\">\n\t\t\t\t\t\t<div class=\"elementor-container elementor-column-gap-narrow\">\n\t\t\t\t\t<div class=\"elementor-column elementor-col-100 elementor-top-column elementor-element elementor-element-bf8cecd\" data-id=\"bf8cecd\" data-element_type=\"column\">\n\t\t\t<div class=\"elementor-widget-wrap elementor-element-populated\">\n\t\t\t\t\t\t<section class=\"elementor-section elementor-inner-section elementor-element elementor-element-6e4b724c elementor-section-boxed elementor-section-height-default elementor-section-height-default\" data-id=\"6e4b724c\" data-element_type=\"section\">\n\t\t\t\t\t\t<div class=\"elementor-container elementor-column-gap-default\">\n\t\t\t\t\t<div class=\"elementor-column elementor-col-50 elementor-inner-column elementor-element elementor-element-261e9857\" data-id=\"261e9857\" data-element_type=\"column\">\n\t\t\t<div class=\"elementor-widget-wrap elementor-element-populated\">\n\t\t\t\t\t\t<div class=\"elementor-element elementor-element-26874e elementor-align-flex-start elementor-mobile-align-flex-start elementor-widget elementor-widget-raven-breadcrumbs\" data-id=\"26874e\" data-element_type=\"widget\" data-widget_type=\"raven-breadcrumbs.default\">\n\t\t\t\t<div class=\"elementor-widget-container\">\n\t\t\t\t\t<div class=\"raven-breadcrumbs raven-breadcrumbs-default\"><div class=\"breadcrumb\">\t\t\t\t<div class=\"breadcrumb-item active\" aria-current=\"page\"><span>Home<\/span><\/div>\n\n\t\t\t\t<\/div><\/div>\t\t\t\t<\/div>\n\t\t\t\t<\/div>\n\t\t\t\t<div class=\"elementor-element elementor-element-1abd597d elementor-widget elementor-widget-heading\" data-id=\"1abd597d\" data-element_type=\"widget\" data-widget_type=\"heading.default\">\n\t\t\t\t<div class=\"elementor-widget-container\">\n\t\t\t\t\t<h2 class=\"elementor-heading-title elementor-size-default\">DESCARGA DE LA APP<\/h2>\t\t\t\t<\/div>\n\t\t\t\t<\/div>\n\t\t\t\t\t<\/div>\n\t\t<\/div>\n\t\t\t\t<div class=\"elementor-column elementor-col-50 elementor-inner-column elementor-element elementor-element-56a86ca3\" data-id=\"56a86ca3\" data-element_type=\"column\">\n\t\t\t<div class=\"elementor-widget-wrap\">\n\t\t\t\t\t\t\t<\/div>\n\t\t<\/div>\n\t\t\t\t\t<\/div>\n\t\t<\/section>\n\t\t\t\t\t<\/div>\n\t\t<\/div>\n\t\t\t\t\t<\/div>\n\t\t<\/section>\n\t\t\t\t<section class=\"elementor-section elementor-top-section elementor-element elementor-element-635897e5 elementor-section-boxed elementor-section-height-default elementor-section-height-default\" data-id=\"635897e5\" data-element_type=\"section\">\n\t\t\t\t\t\t<div class=\"elementor-container elementor-column-gap-extended\">\n\t\t\t\t\t<div class=\"elementor-column elementor-col-50 elementor-top-column elementor-element elementor-element-6ec03429\" data-id=\"6ec03429\" data-element_type=\"column\">\n\t\t\t<div class=\"elementor-widget-wrap elementor-element-populated\">\n\t\t\t\t\t\t<div class=\"elementor-element elementor-element-6e531bd3 elementor-widget elementor-widget-heading\" data-id=\"6e531bd3\" data-element_type=\"widget\" data-widget_type=\"heading.default\">\n\t\t\t\t<div class=\"elementor-widget-container\">\n\t\t\t\t\t<h2 class=\"elementor-heading-title elementor-size-default\">Descargar la aplicaci\u00f3n ORALEBET<\/h2>\t\t\t\t<\/div>\n\t\t\t\t<\/div>\n\t\t\t\t<div class=\"elementor-element elementor-element-3f98053f elementor-widget elementor-widget-image\" data-id=\"3f98053f\" data-element_type=\"widget\" data-widget_type=\"image.default\">\n\t\t\t\t<div class=\"elementor-widget-container\">\n\t\t\t\t\t\t\t\t\t\t\t\t\t\t\t<img decoding=\"async\" width=\"1356\" height=\"16\" src=\"https:\/\/oralebet.net\/wp-content\/uploads\/2025\/11\/linebrown.png\" class=\"attachment-full size-full wp-image-1496\" alt=\"\" srcset=\"https:\/\/oralebet.net\/wp-content\/uploads\/2025\/11\/linebrown.png 1356w, https:\/\/oralebet.net\/wp-content\/uploads\/2025\/11\/linebrown-300x4.png 300w, https:\/\/oralebet.net\/wp-content\/uploads\/2025\/11\/linebrown-1024x12.png 1024w, https:\/\/oralebet.net\/wp-content\/uploads\/2025\/11\/linebrown-768x9.png 768w\" sizes=\"(max-width: 1356px) 100vw, 1356px\" \/>\t\t\t\t\t\t\t\t\t\t\t\t\t\t\t<\/div>\n\t\t\t\t<\/div>\n\t\t\t\t<div class=\"elementor-element elementor-element-56286b2d elementor-widget elementor-widget-text-editor\" data-id=\"56286b2d\" data-element_type=\"widget\" data-widget_type=\"text-editor.default\">\n\t\t\t\t<div class=\"elementor-widget-container\">\n\t\t\t\t\t\t\t\t\t<p data-start=\"131\" data-end=\"569\">Descarga la app oficial <strong data-start=\"135\" data-end=\"154\">de Oralebet Casino<\/strong> para Android e iOS \u2014 segura, r\u00e1pida y optimizada para jugadores malayos.<br data-start=\"229\" data-end=\"232\">Descarga el \u00faltimo <strong data-start=\"252\" data-end=\"268\">APK de Oralebet<\/strong> o instala la app para iOS para jugar a tragaperras con dinero real, partidas con crupier en vivo y disfrutar de retiradas r\u00e1pidas de la cartera electr\u00f3nica directamente desde tu m\u00f3vil.<\/p>\t\t\t\t\t\t\t\t<\/div>\n\t\t\t\t<\/div>\n\t\t\t\t<div class=\"elementor-element elementor-element-d27a7d7 elementor-widget elementor-widget-heading\" data-id=\"d27a7d7\" data-element_type=\"widget\" data-widget_type=\"heading.default\">\n\t\t\t\t<div class=\"elementor-widget-container\">\n\t\t\t\t\t<h2 class=\"elementor-heading-title elementor-size-default\">\u00bfPor qu\u00e9 descargar la app Oralebet?<\/h2>\t\t\t\t<\/div>\n\t\t\t\t<\/div>\n\t\t\t\t<div class=\"elementor-element elementor-element-352012b elementor-widget elementor-widget-image\" data-id=\"352012b\" data-element_type=\"widget\" data-widget_type=\"image.default\">\n\t\t\t\t<div class=\"elementor-widget-container\">\n\t\t\t\t\t\t\t\t\t\t\t\t\t\t\t<img decoding=\"async\" width=\"1356\" height=\"16\" src=\"https:\/\/oralebet.net\/wp-content\/uploads\/2025\/11\/linebrown.png\" class=\"attachment-full size-full wp-image-1496\" alt=\"\" srcset=\"https:\/\/oralebet.net\/wp-content\/uploads\/2025\/11\/linebrown.png 1356w, https:\/\/oralebet.net\/wp-content\/uploads\/2025\/11\/linebrown-300x4.png 300w, https:\/\/oralebet.net\/wp-content\/uploads\/2025\/11\/linebrown-1024x12.png 1024w, https:\/\/oralebet.net\/wp-content\/uploads\/2025\/11\/linebrown-768x9.png 768w\" sizes=\"(max-width: 1356px) 100vw, 1356px\" \/>\t\t\t\t\t\t\t\t\t\t\t\t\t\t\t<\/div>\n\t\t\t\t<\/div>\n\t\t\t\t<div class=\"elementor-element elementor-element-22fb3fd elementor-widget elementor-widget-text-editor\" data-id=\"22fb3fd\" data-element_type=\"widget\" data-widget_type=\"text-editor.default\">\n\t\t\t\t<div class=\"elementor-widget-container\">\n\t\t\t\t\t\t\t\t\t<p data-start=\"159\" data-end=\"480\">\u2022 <strong data-start=\"161\" data-end=\"189\">Experiencia m\u00f3vil-primero:<\/strong> La app <strong data-start=\"194\" data-end=\"206\">Oralebet<\/strong> est\u00e1 optimizada para tel\u00e9fonos y tabletas, asegurando que los juegos carguen m\u00e1s r\u00e1pido, los controles sean nativos y las sesiones consuman menos datos en comparaci\u00f3n con el juego en navegador. Con los dispositivos m\u00f3viles dominando la actividad de juego en el sudeste asi\u00e1tico, una aplicaci\u00f3n dedicada mejora tanto la comodidad como la interacci\u00f3n.<\/p><p data-start=\"482\" data-end=\"614\">\u2022 <strong data-start=\"484\" data-end=\"516\">Acceso m\u00e1s r\u00e1pido y alertas Push:<\/strong> Disfruta de inicio de sesi\u00f3n instant\u00e1neo, bonos exclusivos para m\u00f3viles y actualizaciones en tiempo real sobre promociones y pagos.<\/p><p data-start=\"616\" data-end=\"862\">\u2022 <strong data-start=\"618\" data-end=\"644\">Pagos locales seguros:<\/strong> Depositar con monederos electr\u00f3nicos locales como <strong data-start=\"678\" data-end=\"693\">Touch &#8216;n Go<\/strong> y <strong data-start=\"698\" data-end=\"709\">GrabPay<\/strong> para obtener financiaci\u00f3n y retiradas casi instant\u00e1neas. Malasia lidera la adopci\u00f3n de monederos m\u00f3viles, haciendo de los monederos electr\u00f3nicos una parte esencial de una experiencia de juego fluida.<\/p>\t\t\t\t\t\t\t\t<\/div>\n\t\t\t\t<\/div>\n\t\t\t\t<section class=\"elementor-section elementor-inner-section elementor-element elementor-element-eb48173 elementor-section-boxed elementor-section-height-default elementor-section-height-default\" data-id=\"eb48173\" data-element_type=\"section\">\n\t\t\t\t\t\t<div class=\"elementor-container elementor-column-gap-narrow\">\n\t\t\t\t\t<div class=\"elementor-column elementor-col-50 elementor-inner-column elementor-element elementor-element-489067f\" data-id=\"489067f\" data-element_type=\"column\">\n\t\t\t<div class=\"elementor-widget-wrap elementor-element-populated\">\n\t\t\t\t\t\t<div class=\"elementor-element elementor-element-47c0d02 elementor-widget elementor-widget-image\" data-id=\"47c0d02\" data-element_type=\"widget\" data-widget_type=\"image.default\">\n\t\t\t\t<div class=\"elementor-widget-container\">\n\t\t\t\t\t\t\t\t\t\t\t\t\t\t\t<img fetchpriority=\"high\" decoding=\"async\" width=\"1024\" height=\"1024\" src=\"https:\/\/oralebet.net\/wp-content\/uploads\/2025\/11\/1.png\" class=\"attachment-full size-full wp-image-1512\" alt=\"\" srcset=\"https:\/\/oralebet.net\/wp-content\/uploads\/2025\/11\/1.png 1024w, https:\/\/oralebet.net\/wp-content\/uploads\/2025\/11\/1-300x300.png 300w, https:\/\/oralebet.net\/wp-content\/uploads\/2025\/11\/1-150x150.png 150w, https:\/\/oralebet.net\/wp-content\/uploads\/2025\/11\/1-768x768.png 768w, https:\/\/oralebet.net\/wp-content\/uploads\/2025\/11\/1-500x500.png 500w\" sizes=\"(max-width: 1024px) 100vw, 1024px\" \/>\t\t\t\t\t\t\t\t\t\t\t\t\t\t\t<\/div>\n\t\t\t\t<\/div>\n\t\t\t\t\t<\/div>\n\t\t<\/div>\n\t\t\t\t<div class=\"elementor-column elementor-col-50 elementor-inner-column elementor-element elementor-element-8449ffb\" data-id=\"8449ffb\" data-element_type=\"column\">\n\t\t\t<div class=\"elementor-widget-wrap elementor-element-populated\">\n\t\t\t\t\t\t<div class=\"elementor-element elementor-element-a4ef70e elementor-widget elementor-widget-image\" data-id=\"a4ef70e\" data-element_type=\"widget\" data-widget_type=\"image.default\">\n\t\t\t\t<div class=\"elementor-widget-container\">\n\t\t\t\t\t\t\t\t\t\t\t\t\t\t\t<img decoding=\"async\" width=\"1024\" height=\"1024\" src=\"https:\/\/oralebet.net\/wp-content\/uploads\/2025\/11\/2.png\" class=\"attachment-full size-full wp-image-1513\" alt=\"\" srcset=\"https:\/\/oralebet.net\/wp-content\/uploads\/2025\/11\/2.png 1024w, https:\/\/oralebet.net\/wp-content\/uploads\/2025\/11\/2-300x300.png 300w, https:\/\/oralebet.net\/wp-content\/uploads\/2025\/11\/2-150x150.png 150w, https:\/\/oralebet.net\/wp-content\/uploads\/2025\/11\/2-768x768.png 768w, https:\/\/oralebet.net\/wp-content\/uploads\/2025\/11\/2-500x500.png 500w\" sizes=\"(max-width: 1024px) 100vw, 1024px\" \/>\t\t\t\t\t\t\t\t\t\t\t\t\t\t\t<\/div>\n\t\t\t\t<\/div>\n\t\t\t\t\t<\/div>\n\t\t<\/div>\n\t\t\t\t\t<\/div>\n\t\t<\/section>\n\t\t\t\t\t<\/div>\n\t\t<\/div>\n\t\t\t\t<div class=\"elementor-column elementor-col-50 elementor-top-column elementor-element elementor-element-6728b270\" data-id=\"6728b270\" data-element_type=\"column\">\n\t\t\t<div class=\"elementor-widget-wrap elementor-element-populated\">\n\t\t\t\t\t\t<div class=\"elementor-element elementor-element-4eb6f0c elementor-widget elementor-widget-image\" data-id=\"4eb6f0c\" data-element_type=\"widget\" data-widget_type=\"image.default\">\n\t\t\t\t<div class=\"elementor-widget-container\">\n\t\t\t\t\t\t\t\t\t\t\t\t\t\t\t<img loading=\"lazy\" decoding=\"async\" width=\"764\" height=\"804\" src=\"https:\/\/oralebet.net\/wp-content\/uploads\/2025\/11\/imgi_5_down-person.fcbb600c.png\" class=\"attachment-full size-full wp-image-1511\" alt=\"\" srcset=\"https:\/\/oralebet.net\/wp-content\/uploads\/2025\/11\/imgi_5_down-person.fcbb600c.png 764w, https:\/\/oralebet.net\/wp-content\/uploads\/2025\/11\/imgi_5_down-person.fcbb600c-285x300.png 285w\" sizes=\"(max-width: 764px) 100vw, 764px\" \/>\t\t\t\t\t\t\t\t\t\t\t\t\t\t\t<\/div>\n\t\t\t\t<\/div>\n\t\t\t\t\t<\/div>\n\t\t<\/div>\n\t\t\t\t\t<\/div>\n\t\t<\/section>\n\t\t\t\t<\/div>\n\t\t","protected":false},"excerpt":{"rendered":"<p>Home DESCARGA DE LA APP Descargar la aplicaci\u00f3n ORALEBET Descarga la app oficial de Oralebet Casino para Android e iOS \u2014 segura, r\u00e1pida y optimizada para jugadores malayos.Descarga el \u00faltimo APK de Oralebet o instala la app para iOS para jugar a tragaperras con dinero real, partidas con crupier en vivo y disfrutar de retiradas [&hellip;]<\/p>\n","protected":false},"author":1,"featured_media":0,"parent":0,"menu_order":0,"comment_status":"closed","ping_status":"closed","template":"elementor_header_footer","meta":{"_acf_changed":false,"footnotes":""},"class_list":["post-1510","page","type-page","status-publish","hentry"],"acf":[],"_links":{"self":[{"href":"https:\/\/oralebet.net\/es\/wp-json\/wp\/v2\/pages\/1510","targetHints":{"allow":["GET"]}}],"collection":[{"href":"https:\/\/oralebet.net\/es\/wp-json\/wp\/v2\/pages"}],"about":[{"href":"https:\/\/oralebet.net\/es\/wp-json\/wp\/v2\/types\/page"}],"author":[{"embeddable":true,"href":"https:\/\/oralebet.net\/es\/wp-json\/wp\/v2\/users\/1"}],"replies":[{"embeddable":true,"href":"https:\/\/oralebet.net\/es\/wp-json\/wp\/v2\/comments?post=1510"}],"version-history":[{"count":1,"href":"https:\/\/oralebet.net\/es\/wp-json\/wp\/v2\/pages\/1510\/revisions"}],"predecessor-version":[{"id":1514,"href":"https:\/\/oralebet.net\/es\/wp-json\/wp\/v2\/pages\/1510\/revisions\/1514"}],"wp:attachment":[{"href":"https:\/\/oralebet.net\/es\/wp-json\/wp\/v2\/media?parent=1510"}],"curies":[{"name":"wp","href":"https:\/\/api.w.org\/{rel}","templated":true}]}}